{"id":33822,"date":"2026-02-23T21:00:36","date_gmt":"2026-02-23T19:00:36","guid":{"rendered":"https:\/\/www.charityidols.com\/?post_type=product&#038;p=33822"},"modified":"2026-02-23T21:00:36","modified_gmt":"2026-02-23T19:00:36","slug":"sergio-conceicao-match-worn-and-signed-jersey-season-2025-2026","status":"publish","type":"product","link":"https:\/\/www.charityidols.com\/el\/product\/sergio-conceicao-match-worn-and-signed-jersey-season-2025-2026\/","title":{"rendered":"S\u00c9RGIO CONCEI\u00c7\u00c3O \u2013 MATCH WORN AND SIGNED JERSEY \u2013 SEASON 2025\/2026"},"content":{"rendered":"<p class=\"p1\">ATHLETE: <span class=\"s1\">S\u00c9RGIO CONCEI\u00c7\u00c3O<\/span><br \/>\nTEAM: AEL LIMASSOL<br \/>\nSEASON: 2025\/2026<br \/>\nCOMPETITION: STOIXIMAN CYPRUS LEAGUE<br \/>\nGAME: VARIOUS<br \/>\nBRAND: MACRON<br \/>\nSIZE: L<\/p>","protected":false},"excerpt":{"rendered":"<p>ATHLETE: S\u00c9RGIO CONCEI\u00c7\u00c3O TEAM: AEL LIMASSOL SEASON: 2025\/2026 COMPETITION: STOIXIMAN CYPRUS LEAGUE GAME: VARIOUS BRAND: MACRON SIZE: L<\/p>","protected":false},"featured_media":33827,"template":"","meta":[],"product_brand":[],"product_cat":[133],"product_tag":[196],"class_list":{"0":"post-33822","1":"product","2":"type-product","3":"status-publish","4":"has-post-thumbnail","6":"product_cat-auctions-cyprus","7":"product_tag-23feb26-2mar26","8":"infinite-scroll-item","9":"resize-featured-image","10":"sales-flash-overlay","11":"woocommerce-text-align-center","12":"woocommerce-image-align-center","13":"wc-has-gallery","15":"first","16":"instock","17":"sold-individually","18":"shipping-taxable","19":"product-type-auction"},"_links":{"self":[{"href":"https:\/\/www.charityidols.com\/el\/wp-json\/wp\/v2\/product\/33822","targetHints":{"allow":["GET"]}}],"collection":[{"href":"https:\/\/www.charityidols.com\/el\/wp-json\/wp\/v2\/product"}],"about":[{"href":"https:\/\/www.charityidols.com\/el\/wp-json\/wp\/v2\/types\/product"}],"wp:featuredmedia":[{"embeddable":true,"href":"https:\/\/www.charityidols.com\/el\/wp-json\/wp\/v2\/media\/33827"}],"wp:attachment":[{"href":"https:\/\/www.charityidols.com\/el\/wp-json\/wp\/v2\/media?parent=33822"}],"wp:term":[{"taxonomy":"product_brand","embeddable":true,"href":"https:\/\/www.charityidols.com\/el\/wp-json\/wp\/v2\/product_brand?post=33822"},{"taxonomy":"product_cat","embeddable":true,"href":"https:\/\/www.charityidols.com\/el\/wp-json\/wp\/v2\/product_cat?post=33822"},{"taxonomy":"product_tag","embeddable":true,"href":"https:\/\/www.charityidols.com\/el\/wp-json\/wp\/v2\/product_tag?post=33822"}],"curies":[{"name":"wp","href":"https:\/\/api.w.org\/{rel}","templated":true}]}}